{"id":13,"date":"2008-07-08T08:20:31","date_gmt":"2008-07-08T06:20:31","guid":{"rendered":"https:\/\/www.factx.de\/w\/?page_id=13"},"modified":"2014-09-30T12:51:39","modified_gmt":"2014-09-30T10:51:39","slug":"services-produkte-werbeforschung-copytest","status":"publish","type":"page","link":"https:\/\/www.factx.de\/w\/services-produkte-werbeforschung-copytest\/","title":{"rendered":"Copytest (Anzeigentest)"},"content":{"rendered":"<h1>Copytest (Anzeigentest)<\/h1>\n<p>Unter &#8222;Copy-Testing&#8220; werden im Hinblick auf die &#8222;Copy-Strategie&#8220; alle Verfahren zur Pr\u00fcfung eines Werbemittelentwurfs zusammengefasst.<\/p>\n<p>Methodische Grundlage f\u00fcr Copytests sind bei factx in der Regel Focus-Gruppen oder Einzelinterviews auf Basis von Stichprobengr\u00f6\u00dfen von 20 bis 50 Probanden.<\/p>\n<p>Je konkreter die Werbung bereits gestaltet ist, desto standardisierter ist die Vorgehensweise (von der Exploration bis zum standardisierten Interview).<\/p>\n<p>Analysiert wird, ob sich die Probanden an die Werbung und ihre Inhalte (beworbene Marke, Produktgruppe, Werbebotschaft) erinnern k\u00f6nnen und inwieweit sie durch die Werbebotschaft beeinflusst wurden und ihre Einstellung zugunsten des beworbenen Produkts bzw. der Marke ver\u00e4ndert haben.<\/p>","protected":false},"excerpt":{"rendered":"<p>Copytest (Anzeigentest) Unter &#8222;Copy-Testing&#8220; werden im Hinblick auf die &#8222;Copy-Strategie&#8220; alle Verfahren zur Pr\u00fcfung eines Werbemittelentwurfs zusammengefasst. Methodische Grundlage f\u00fcr Copytests sind bei factx in der Regel Focus-Gruppen oder Einzelinterviews auf Basis von Stichprobengr\u00f6\u00dfen von 20 bis 50 Probanden. Je konkreter die Werbung bereits gestaltet ist, desto standardisierter ist die Vorgehensweise (von der Exploration bis  [&#8230;]<\/p>\n","protected":false},"author":1,"featured_media":1206,"parent":0,"menu_order":22,"comment_status":"closed","ping_status":"closed","template":"","meta":{"ngg_post_thumbnail":0,"footnotes":""},"class_list":["post-13","page","type-page","status-publish","has-post-thumbnail","hentry"],"_links":{"self":[{"href":"https:\/\/www.factx.de\/w\/wp-json\/wp\/v2\/pages\/13","targetHints":{"allow":["GET"]}}],"collection":[{"href":"https:\/\/www.factx.de\/w\/wp-json\/wp\/v2\/pages"}],"about":[{"href":"https:\/\/www.factx.de\/w\/wp-json\/wp\/v2\/types\/page"}],"author":[{"embeddable":true,"href":"https:\/\/www.factx.de\/w\/wp-json\/wp\/v2\/users\/1"}],"replies":[{"embeddable":true,"href":"https:\/\/www.factx.de\/w\/wp-json\/wp\/v2\/comments?post=13"}],"version-history":[{"count":6,"href":"https:\/\/www.factx.de\/w\/wp-json\/wp\/v2\/pages\/13\/revisions"}],"predecessor-version":[{"id":1478,"href":"https:\/\/www.factx.de\/w\/wp-json\/wp\/v2\/pages\/13\/revisions\/1478"}],"wp:featuredmedia":[{"embeddable":true,"href":"https:\/\/www.factx.de\/w\/wp-json\/wp\/v2\/media\/1206"}],"wp:attachment":[{"href":"https:\/\/www.factx.de\/w\/wp-json\/wp\/v2\/media?parent=13"}],"curies":[{"name":"wp","href":"https:\/\/api.w.org\/{rel}","templated":true}]}}