{"id":1560,"date":"2014-09-24T14:50:56","date_gmt":"2014-09-24T12:50:56","guid":{"rendered":"https:\/\/www.factx.de\/w\/?page_id=1560"},"modified":"2026-01-06T10:43:21","modified_gmt":"2026-01-06T09:43:21","slug":"home-2","status":"publish","type":"page","link":"https:\/\/www.factx.de\/w\/","title":{"rendered":"Home"},"content":{"rendered":"<p>&nbsp;<\/p>\n<p><strong>Wir haben unsere Gesch\u00e4ftst\u00e4tigkeit zum 31.12.2025 beendet.<\/strong><\/p>\n<p>&nbsp;<\/p>\n<p>F\u00fcr die gute und vertrauensvolle Zusammenarbeit danken wir unseren Mitarbeitern, Kunden und Gesch\u00e4ftspartnern an dieser Stelle noch einmal sehr herzlich!<\/p>\n<p>&nbsp;<\/p>\n<p>Sie erreichen uns in 2026 weiterhin unter folgender Adresse:<\/p>\n<p>factx Gesellschaft f\u00fcr Markt- und Sozialforschung mbH i.L.<\/p>\n<p>Rheinaustr. 212<\/p>\n<p>53225 Bonn<\/p>\n<p>&nbsp;<\/p>\n<p>&nbsp;<\/p>\n<p>&nbsp;<\/p>\n<p>&nbsp;<\/p>\n<p>&nbsp;<\/p>","protected":false},"excerpt":{"rendered":"<p>&nbsp; Wir haben unsere Gesch\u00e4ftst\u00e4tigkeit zum 31.12.2025 beendet. &nbsp; F\u00fcr die gute und vertrauensvolle Zusammenarbeit danken wir unseren Mitarbeitern, Kunden und Gesch\u00e4ftspartnern an dieser Stelle noch einmal sehr herzlich! &nbsp; Sie erreichen uns in 2026 weiterhin unter folgender Adresse: factx Gesellschaft f\u00fcr Markt- und Sozialforschung mbH i.L. Rheinaustr. 212 53225 Bonn &nbsp; &nbsp; &nbsp; &nbsp;  [&#8230;]<\/p>\n","protected":false},"author":2,"featured_media":0,"parent":0,"menu_order":0,"comment_status":"closed","ping_status":"closed","template":"","meta":{"ngg_post_thumbnail":0,"footnotes":""},"class_list":["post-1560","page","type-page","status-publish","hentry"],"_links":{"self":[{"href":"https:\/\/www.factx.de\/w\/wp-json\/wp\/v2\/pages\/1560","targetHints":{"allow":["GET"]}}],"collection":[{"href":"https:\/\/www.factx.de\/w\/wp-json\/wp\/v2\/pages"}],"about":[{"href":"https:\/\/www.factx.de\/w\/wp-json\/wp\/v2\/types\/page"}],"author":[{"embeddable":true,"href":"https:\/\/www.factx.de\/w\/wp-json\/wp\/v2\/users\/2"}],"replies":[{"embeddable":true,"href":"https:\/\/www.factx.de\/w\/wp-json\/wp\/v2\/comments?post=1560"}],"version-history":[{"count":55,"href":"https:\/\/www.factx.de\/w\/wp-json\/wp\/v2\/pages\/1560\/revisions"}],"predecessor-version":[{"id":2222,"href":"https:\/\/www.factx.de\/w\/wp-json\/wp\/v2\/pages\/1560\/revisions\/2222"}],"wp:attachment":[{"href":"https:\/\/www.factx.de\/w\/wp-json\/wp\/v2\/media?parent=1560"}],"curies":[{"name":"wp","href":"https:\/\/api.w.org\/{rel}","templated":true}]}}