{"id":1950,"date":"2018-04-30T13:26:58","date_gmt":"2018-04-30T12:26:58","guid":{"rendered":"https:\/\/www.factx.de\/w\/?page_id=1950"},"modified":"2018-05-09T14:52:18","modified_gmt":"2018-05-09T12:52:18","slug":"messeforschung-wettbewerber-analyse","status":"publish","type":"page","link":"https:\/\/www.factx.de\/w\/messeforschung-wettbewerber-analyse\/","title":{"rendered":"Wettbewerber-Analyse"},"content":{"rendered":"<h1>Wettbewerber-Analyse<\/h1>\n<p><b>Ziele und Nutzen: <\/b><\/p>\n<ul>\n<li>Untersuchung des Messeauftritts im Vergleich zum Wettbewerb<\/li>\n<\/ul>\n<p><b><br \/>\nMethode:<\/b><\/p>\n<ul>\n<li>Mystery Research auf St\u00e4nden relevanter Wettbewerber (Fotodokumentation, Infomaterialien, Give-aways, Kontaktgespr\u00e4che etc.)<\/li>\n<li>Durchf\u00fchrung durch geschulte Mystery Shopper<\/li>\n<li>Wettbewerber-Check im Rahmen von Befragungen der Standbesucher<\/li>\n<\/ul>\n<p><b><br \/>\nReporting:<\/b><\/p>\n<ul>\n<li>Grafikreport plus Tabellen einschlie\u00dflich Handlungsempfehlungen eine Woche nach Abschluss der Befragung<\/li>\n<\/ul>","protected":false},"excerpt":{"rendered":"<p>Wettbewerber-Analyse Ziele und Nutzen: Untersuchung des Messeauftritts im Vergleich zum Wettbewerb Methode: Mystery Research auf St\u00e4nden relevanter Wettbewerber (Fotodokumentation, Infomaterialien, Give-aways, Kontaktgespr\u00e4che etc.) Durchf\u00fchrung durch geschulte Mystery Shopper Wettbewerber-Check im Rahmen von Befragungen der Standbesucher Reporting: Grafikreport plus Tabellen einschlie\u00dflich Handlungsempfehlungen eine Woche nach Abschluss der Befragung<\/p>\n","protected":false},"author":3,"featured_media":977,"parent":0,"menu_order":0,"comment_status":"closed","ping_status":"closed","template":"","meta":{"ngg_post_thumbnail":0,"footnotes":""},"class_list":["post-1950","page","type-page","status-publish","has-post-thumbnail","hentry"],"_links":{"self":[{"href":"https:\/\/www.factx.de\/w\/wp-json\/wp\/v2\/pages\/1950","targetHints":{"allow":["GET"]}}],"collection":[{"href":"https:\/\/www.factx.de\/w\/wp-json\/wp\/v2\/pages"}],"about":[{"href":"https:\/\/www.factx.de\/w\/wp-json\/wp\/v2\/types\/page"}],"author":[{"embeddable":true,"href":"https:\/\/www.factx.de\/w\/wp-json\/wp\/v2\/users\/3"}],"replies":[{"embeddable":true,"href":"https:\/\/www.factx.de\/w\/wp-json\/wp\/v2\/comments?post=1950"}],"version-history":[{"count":3,"href":"https:\/\/www.factx.de\/w\/wp-json\/wp\/v2\/pages\/1950\/revisions"}],"predecessor-version":[{"id":2021,"href":"https:\/\/www.factx.de\/w\/wp-json\/wp\/v2\/pages\/1950\/revisions\/2021"}],"wp:featuredmedia":[{"embeddable":true,"href":"https:\/\/www.factx.de\/w\/wp-json\/wp\/v2\/media\/977"}],"wp:attachment":[{"href":"https:\/\/www.factx.de\/w\/wp-json\/wp\/v2\/media?parent=1950"}],"curies":[{"name":"wp","href":"https:\/\/api.w.org\/{rel}","templated":true}]}}