{"id":34,"date":"2008-07-08T10:02:27","date_gmt":"2008-07-08T08:02:27","guid":{"rendered":"https:\/\/www.factx.de\/w\/?page_id=34"},"modified":"2014-10-01T16:32:40","modified_gmt":"2014-10-01T14:32:40","slug":"services-produkte-sponsoring","status":"publish","type":"page","link":"https:\/\/www.factx.de\/w\/services-produkte-sponsoring\/","title":{"rendered":"Sponsoring"},"content":{"rendered":"<h1>Sponsoring<\/h1>\n<p>Ziel von Sponsoringaktivit\u00e4ten bzw. Sponsorships ist es, die klassischen Kommunikationsinstrumente Werbung, Verkaufsf\u00f6rderung und PR zu erg\u00e4nzen und zu unterst\u00fctzen, um somit zur Steigerung der Unternehmens- bzw. Markenbekanntheit sowie der Verbesserung des Images beizutragen.<\/p>\n<p>Durch die Sponsoringforschung wird die Wirkung der Sponsoringaktivit\u00e4ten \u00fcberpr\u00fcft. Dabei wird unterschieden zwischen der Kontrolle w\u00e4hrend des Prozesses und der Erfolgskontrolle. Die Kontrolle w\u00e4hrend des Prozesses dient dazu, Konzept und Durchf\u00fchrung von Sponsoringma\u00dfnahmen fr\u00fchzeitig zu \u00fcberpr\u00fcfen und zu korrigieren. Die Erfolgskontrolle ermittelt, inwieweit sich der Bekanntheitsgrad erh\u00f6ht und\/oder das Image verbessert haben.<\/p>","protected":false},"excerpt":{"rendered":"<p>Sponsoring Ziel von Sponsoringaktivit\u00e4ten bzw. Sponsorships ist es, die klassischen Kommunikationsinstrumente Werbung, Verkaufsf\u00f6rderung und PR zu erg\u00e4nzen und zu unterst\u00fctzen, um somit zur Steigerung der Unternehmens- bzw. Markenbekanntheit sowie der Verbesserung des Images beizutragen. Durch die Sponsoringforschung wird die Wirkung der Sponsoringaktivit\u00e4ten \u00fcberpr\u00fcft. Dabei wird unterschieden zwischen der Kontrolle w\u00e4hrend des Prozesses und der Erfolgskontrolle.  [&#8230;]<\/p>\n","protected":false},"author":1,"featured_media":1206,"parent":0,"menu_order":5,"comment_status":"closed","ping_status":"closed","template":"","meta":{"ngg_post_thumbnail":0,"footnotes":""},"class_list":["post-34","page","type-page","status-publish","has-post-thumbnail","hentry"],"_links":{"self":[{"href":"https:\/\/www.factx.de\/w\/wp-json\/wp\/v2\/pages\/34","targetHints":{"allow":["GET"]}}],"collection":[{"href":"https:\/\/www.factx.de\/w\/wp-json\/wp\/v2\/pages"}],"about":[{"href":"https:\/\/www.factx.de\/w\/wp-json\/wp\/v2\/types\/page"}],"author":[{"embeddable":true,"href":"https:\/\/www.factx.de\/w\/wp-json\/wp\/v2\/users\/1"}],"replies":[{"embeddable":true,"href":"https:\/\/www.factx.de\/w\/wp-json\/wp\/v2\/comments?post=34"}],"version-history":[{"count":10,"href":"https:\/\/www.factx.de\/w\/wp-json\/wp\/v2\/pages\/34\/revisions"}],"predecessor-version":[{"id":1771,"href":"https:\/\/www.factx.de\/w\/wp-json\/wp\/v2\/pages\/34\/revisions\/1771"}],"wp:featuredmedia":[{"embeddable":true,"href":"https:\/\/www.factx.de\/w\/wp-json\/wp\/v2\/media\/1206"}],"wp:attachment":[{"href":"https:\/\/www.factx.de\/w\/wp-json\/wp\/v2\/media?parent=34"}],"curies":[{"name":"wp","href":"https:\/\/api.w.org\/{rel}","templated":true}]}}