{"id":40,"date":"2008-07-09T05:55:12","date_gmt":"2008-07-09T03:55:12","guid":{"rendered":"https:\/\/www.factx.de\/w\/?page_id=40"},"modified":"2018-05-03T09:04:01","modified_gmt":"2018-05-03T08:04:01","slug":"tools-methoden","status":"publish","type":"page","link":"https:\/\/www.factx.de\/w\/tools-methoden\/","title":{"rendered":"Methoden"},"content":{"rendered":"<h1>Methoden<\/h1>\n<p>Die Auswahl oder Kombination von Methoden ist abh\u00e4ngig von der jeweiligen Aufgabenstellung. Unser Portfolio von qualitativen und quantitativen Methoden gew\u00e4hrleistet, dass die f\u00fcr den jeweiligen Untersuchungsgegenstand angemessenen Instrumente eingesetzt werden k\u00f6nnen.<\/p>\n<p>Wir nutzen Focus Gruppen oder qualitative Face-to-Face Interviews beispielsweise bei Markenkern-Analysen oder Konzepttests, computergest\u00fctzte Interviews via Terminals bei Messebefragungen und Befragungen am Point of Sale, computergest\u00fctzte Telefoninterviews im institutseigenen Call-Center sowie Onlinebefragungen f\u00fcr die Erreichung spezieller Zielgruppen.<\/p>\n<p>Im Rahmen der Analysen verwenden wir die Tools von SPSS f\u00fcr statistische Auswertungen, Swatooth Software f\u00fcr Conjoint-Analysen und weitere Verfahren wie Gabor Granger, PSM oder die Penalty-Analyse.<\/p>\n<p>&nbsp;<\/p>\n<p>&nbsp;<\/p>\n<p>&nbsp;<\/p>\n<p>&nbsp;<\/p>","protected":false},"excerpt":{"rendered":"<p>Methoden Die Auswahl oder Kombination von Methoden ist abh\u00e4ngig von der jeweiligen Aufgabenstellung. Unser Portfolio von qualitativen und quantitativen Methoden gew\u00e4hrleistet, dass die f\u00fcr den jeweiligen Untersuchungsgegenstand angemessenen Instrumente eingesetzt werden k\u00f6nnen. Wir nutzen Focus Gruppen oder qualitative Face-to-Face Interviews beispielsweise bei Markenkern-Analysen oder Konzepttests, computergest\u00fctzte Interviews via Terminals bei Messebefragungen und Befragungen am Point  [&#8230;]<\/p>\n","protected":false},"author":1,"featured_media":1098,"parent":0,"menu_order":11,"comment_status":"closed","ping_status":"closed","template":"","meta":{"ngg_post_thumbnail":0,"footnotes":""},"class_list":["post-40","page","type-page","status-publish","has-post-thumbnail","hentry"],"_links":{"self":[{"href":"https:\/\/www.factx.de\/w\/wp-json\/wp\/v2\/pages\/40","targetHints":{"allow":["GET"]}}],"collection":[{"href":"https:\/\/www.factx.de\/w\/wp-json\/wp\/v2\/pages"}],"about":[{"href":"https:\/\/www.factx.de\/w\/wp-json\/wp\/v2\/types\/page"}],"author":[{"embeddable":true,"href":"https:\/\/www.factx.de\/w\/wp-json\/wp\/v2\/users\/1"}],"replies":[{"embeddable":true,"href":"https:\/\/www.factx.de\/w\/wp-json\/wp\/v2\/comments?post=40"}],"version-history":[{"count":14,"href":"https:\/\/www.factx.de\/w\/wp-json\/wp\/v2\/pages\/40\/revisions"}],"predecessor-version":[{"id":2031,"href":"https:\/\/www.factx.de\/w\/wp-json\/wp\/v2\/pages\/40\/revisions\/2031"}],"wp:featuredmedia":[{"embeddable":true,"href":"https:\/\/www.factx.de\/w\/wp-json\/wp\/v2\/media\/1098"}],"wp:attachment":[{"href":"https:\/\/www.factx.de\/w\/wp-json\/wp\/v2\/media?parent=40"}],"curies":[{"name":"wp","href":"https:\/\/api.w.org\/{rel}","templated":true}]}}