{"id":41,"date":"2008-07-09T06:02:01","date_gmt":"2008-07-09T04:02:01","guid":{"rendered":"https:\/\/www.factx.de\/w\/?page_id=41"},"modified":"2014-11-05T15:59:50","modified_gmt":"2014-11-05T13:59:50","slug":"tools-methoden-capi-casi","status":"publish","type":"page","link":"https:\/\/www.factx.de\/w\/tools-methoden-capi-casi\/","title":{"rendered":"CAPI \/ CASI"},"content":{"rendered":"<h1>CAPI\/CASI<\/h1>\n<p>CAPI (Computer-Assisted-Personal-Interviews) werden als Face-to-Face-Befragung\u00a0 zum Beispiel in der Messeforschung oder am Point of Sale durchgef\u00fchrt. Eine Variante ist das CASI (Computer-Assisted-Self-Interview), bei dem der Proband das Interview am Touch-Screen selbst ausf\u00fcllt.<\/p>\n<p>Vorteile sind:<\/p>\n<ul>\n<li>Die pr\u00e4zise Steuerung komplexer Frageabl\u00e4ufe bei vielschichtigen Filterverzweigungen.<\/li>\n<li>Einfache Einbettung von Multimedia-Inhalten (Bilder, Videos u.a.).<\/li>\n<li>Schnelligkeit der Datenverf\u00fcgbarkeit.<\/li>\n<\/ul>\n<p>Wir verf\u00fcgen \u00fcber 20 station\u00e4re Computerterminals z.B. f\u00fcr den Einsatz bei Messebefragungen und 50 mobil einsetzbare Tablets f\u00fcr Messestand- oder Event-Befragung und Untersuchungen am Point of Sale.<\/p>","protected":false},"excerpt":{"rendered":"<p>CAPI\/CASI CAPI (Computer-Assisted-Personal-Interviews) werden als Face-to-Face-Befragung\u00a0 zum Beispiel in der Messeforschung oder am Point of Sale durchgef\u00fchrt. Eine Variante ist das CASI (Computer-Assisted-Self-Interview), bei dem der Proband das Interview am Touch-Screen selbst ausf\u00fcllt. Vorteile sind: Die pr\u00e4zise Steuerung komplexer Frageabl\u00e4ufe bei vielschichtigen Filterverzweigungen. Einfache Einbettung von Multimedia-Inhalten (Bilder, Videos u.a.). Schnelligkeit der Datenverf\u00fcgbarkeit. Wir verf\u00fcgen  [&#8230;]<\/p>\n","protected":false},"author":1,"featured_media":1098,"parent":0,"menu_order":10,"comment_status":"closed","ping_status":"closed","template":"","meta":{"ngg_post_thumbnail":0,"footnotes":""},"class_list":["post-41","page","type-page","status-publish","has-post-thumbnail","hentry"],"_links":{"self":[{"href":"https:\/\/www.factx.de\/w\/wp-json\/wp\/v2\/pages\/41","targetHints":{"allow":["GET"]}}],"collection":[{"href":"https:\/\/www.factx.de\/w\/wp-json\/wp\/v2\/pages"}],"about":[{"href":"https:\/\/www.factx.de\/w\/wp-json\/wp\/v2\/types\/page"}],"author":[{"embeddable":true,"href":"https:\/\/www.factx.de\/w\/wp-json\/wp\/v2\/users\/1"}],"replies":[{"embeddable":true,"href":"https:\/\/www.factx.de\/w\/wp-json\/wp\/v2\/comments?post=41"}],"version-history":[{"count":9,"href":"https:\/\/www.factx.de\/w\/wp-json\/wp\/v2\/pages\/41\/revisions"}],"predecessor-version":[{"id":1791,"href":"https:\/\/www.factx.de\/w\/wp-json\/wp\/v2\/pages\/41\/revisions\/1791"}],"wp:featuredmedia":[{"embeddable":true,"href":"https:\/\/www.factx.de\/w\/wp-json\/wp\/v2\/media\/1098"}],"wp:attachment":[{"href":"https:\/\/www.factx.de\/w\/wp-json\/wp\/v2\/media?parent=41"}],"curies":[{"name":"wp","href":"https:\/\/api.w.org\/{rel}","templated":true}]}}