{"id":42,"date":"2008-07-09T06:05:14","date_gmt":"2008-07-09T04:05:14","guid":{"rendered":"https:\/\/www.factx.de\/w\/?page_id=42"},"modified":"2014-11-05T15:57:40","modified_gmt":"2014-11-05T13:57:40","slug":"tools-methoden-cati","status":"publish","type":"page","link":"https:\/\/www.factx.de\/w\/tools-methoden-cati\/","title":{"rendered":"CATI"},"content":{"rendered":"<h1>CATI<\/h1>\n<p>Computer-Assisted-Telephone-Interviews werden von uns im eigenen Call-Center von speziell geschulten Interviewer\/innen durchgef\u00fchrt. Grundlage der Interviews ist ein strukturierter programmierter Fragebogen. Wichtigste Vorteile des computergest\u00fctzten Telefoninterviews sind:<\/p>\n<ul>\n<li>Schnelle Durchf\u00fchrung von der Projektplanung bis zum Reporting<\/li>\n<li>Kostenersparnis gegen\u00fcber Face-to-Face Befragungen<\/li>\n<li>Exakte Stichprobensteuerung<\/li>\n<\/ul>\n<p>Unser hauseigenes Call-Center verf\u00fcgt \u00fcber 12 Arbeitspl\u00e4tze. Spezialisiert haben wir uns dabei auf die Durchf\u00fchrung von B-to-B Interviews und die Befragungen von schwer erreichbaren Zielgruppen (z.B. F\u00fchrungskr\u00e4fte, Top-Entscheider, \u00c4rzte).<\/p>\n<p>&nbsp;<\/p>\n<p>&nbsp;<\/p>\n<p>&nbsp;<\/p>","protected":false},"excerpt":{"rendered":"<p>CATI Computer-Assisted-Telephone-Interviews werden von uns im eigenen Call-Center von speziell geschulten Interviewer\/innen durchgef\u00fchrt. Grundlage der Interviews ist ein strukturierter programmierter Fragebogen. Wichtigste Vorteile des computergest\u00fctzten Telefoninterviews sind: Schnelle Durchf\u00fchrung von der Projektplanung bis zum Reporting Kostenersparnis gegen\u00fcber Face-to-Face Befragungen Exakte Stichprobensteuerung Unser hauseigenes Call-Center verf\u00fcgt \u00fcber 12 Arbeitspl\u00e4tze. Spezialisiert haben wir uns dabei auf die  [&#8230;]<\/p>\n","protected":false},"author":1,"featured_media":1098,"parent":0,"menu_order":9,"comment_status":"closed","ping_status":"closed","template":"","meta":{"ngg_post_thumbnail":0,"footnotes":""},"class_list":["post-42","page","type-page","status-publish","has-post-thumbnail","hentry"],"_links":{"self":[{"href":"https:\/\/www.factx.de\/w\/wp-json\/wp\/v2\/pages\/42","targetHints":{"allow":["GET"]}}],"collection":[{"href":"https:\/\/www.factx.de\/w\/wp-json\/wp\/v2\/pages"}],"about":[{"href":"https:\/\/www.factx.de\/w\/wp-json\/wp\/v2\/types\/page"}],"author":[{"embeddable":true,"href":"https:\/\/www.factx.de\/w\/wp-json\/wp\/v2\/users\/1"}],"replies":[{"embeddable":true,"href":"https:\/\/www.factx.de\/w\/wp-json\/wp\/v2\/comments?post=42"}],"version-history":[{"count":9,"href":"https:\/\/www.factx.de\/w\/wp-json\/wp\/v2\/pages\/42\/revisions"}],"predecessor-version":[{"id":1666,"href":"https:\/\/www.factx.de\/w\/wp-json\/wp\/v2\/pages\/42\/revisions\/1666"}],"wp:featuredmedia":[{"embeddable":true,"href":"https:\/\/www.factx.de\/w\/wp-json\/wp\/v2\/media\/1098"}],"wp:attachment":[{"href":"https:\/\/www.factx.de\/w\/wp-json\/wp\/v2\/media?parent=42"}],"curies":[{"name":"wp","href":"https:\/\/api.w.org\/{rel}","templated":true}]}}