{"id":45,"date":"2008-07-09T06:58:33","date_gmt":"2008-07-09T04:58:33","guid":{"rendered":"https:\/\/www.factx.de\/w\/?page_id=45"},"modified":"2014-09-30T12:56:30","modified_gmt":"2014-09-30T10:56:30","slug":"tools-methoden-focusgruppen","status":"publish","type":"page","link":"https:\/\/www.factx.de\/w\/tools-methoden-focusgruppen\/","title":{"rendered":"Focus Gruppen"},"content":{"rendered":"<h1>Focus Gruppen<\/h1>\n<p>sind Gruppendiskussionen mit Vertretern der gew\u00fcnschten Zielgruppen unter Leitung eines Moderators. Focus-Gruppen werden sinnvoll dann eingesetzt, wenn noch wenig \u00fcber den Untersuchungsgegenstand bekannt ist. Ziel ist es, schnell und kosteng\u00fcnstig ein erstes Spektrum von Meinungen und Einstellungen zu bestimmten Themenbereichen oder Produkten zu erhalten.<\/p>\n<p>Focus-Gruppen werden deshalb h\u00e4ufig auch in fr\u00fchen Phasen der Marktforschung als Konzepttest zur Vorbereitung weiterer Studien (z.B. mit gr\u00f6\u00dferen Stichproben) eingesetzt.<\/p>\n<p>Aussagekr\u00e4ftige Ergebnisse zu einem Thema lassen sich schon ab 2 Gruppendiskussionen mit je 8 &#8211; 10 Teilnehmern erreichen.<\/p>","protected":false},"excerpt":{"rendered":"<p>Focus Gruppen sind Gruppendiskussionen mit Vertretern der gew\u00fcnschten Zielgruppen unter Leitung eines Moderators. Focus-Gruppen werden sinnvoll dann eingesetzt, wenn noch wenig \u00fcber den Untersuchungsgegenstand bekannt ist. Ziel ist es, schnell und kosteng\u00fcnstig ein erstes Spektrum von Meinungen und Einstellungen zu bestimmten Themenbereichen oder Produkten zu erhalten. Focus-Gruppen werden deshalb h\u00e4ufig auch in fr\u00fchen Phasen der  [&#8230;]<\/p>\n","protected":false},"author":1,"featured_media":1098,"parent":0,"menu_order":6,"comment_status":"closed","ping_status":"closed","template":"","meta":{"ngg_post_thumbnail":0,"footnotes":""},"class_list":["post-45","page","type-page","status-publish","has-post-thumbnail","hentry"],"_links":{"self":[{"href":"https:\/\/www.factx.de\/w\/wp-json\/wp\/v2\/pages\/45","targetHints":{"allow":["GET"]}}],"collection":[{"href":"https:\/\/www.factx.de\/w\/wp-json\/wp\/v2\/pages"}],"about":[{"href":"https:\/\/www.factx.de\/w\/wp-json\/wp\/v2\/types\/page"}],"author":[{"embeddable":true,"href":"https:\/\/www.factx.de\/w\/wp-json\/wp\/v2\/users\/1"}],"replies":[{"embeddable":true,"href":"https:\/\/www.factx.de\/w\/wp-json\/wp\/v2\/comments?post=45"}],"version-history":[{"count":5,"href":"https:\/\/www.factx.de\/w\/wp-json\/wp\/v2\/pages\/45\/revisions"}],"predecessor-version":[{"id":1670,"href":"https:\/\/www.factx.de\/w\/wp-json\/wp\/v2\/pages\/45\/revisions\/1670"}],"wp:featuredmedia":[{"embeddable":true,"href":"https:\/\/www.factx.de\/w\/wp-json\/wp\/v2\/media\/1098"}],"wp:attachment":[{"href":"https:\/\/www.factx.de\/w\/wp-json\/wp\/v2\/media?parent=45"}],"curies":[{"name":"wp","href":"https:\/\/api.w.org\/{rel}","templated":true}]}}