{"id":7,"date":"2008-07-08T06:40:07","date_gmt":"2008-07-08T04:40:07","guid":{"rendered":"https:\/\/www.factx.de\/w\/?page_id=7"},"modified":"2026-01-30T11:21:11","modified_gmt":"2026-01-30T10:21:11","slug":"impressum","status":"publish","type":"page","link":"https:\/\/www.factx.de\/w\/impressum\/","title":{"rendered":"Impressum"},"content":{"rendered":"<h1>Impressum<\/h1>\n<p style=\"text-align: left;\">factx, Gesellschaft f\u00fcr Markt- und Sozialforschung mbH, i.L.<br \/>\nRheinaustr. 212, 53225 Bonn<\/p>\n<p>Tel. 0228 18030139<br \/>\nMail. info@factx.com<\/p>\n<p style=\"text-align: left;\">Liquidator: Christian Heiliger<\/p>\n<p style=\"text-align: left;\">Registergericht: Amtsgericht Bonn<br \/>\nRegisternummer: HRB 29183<\/p>\n<p style=\"text-align: left;\">Umsatzsteuer-Identifikationsnummer gem\u00e4\u00df \u00a7 27 a Umsatzsteuergesetz:<br \/>\nDE 192942211<\/p>\n<p style=\"text-align: left;\">Inhaltlich Verantwortlicher gem\u00e4\u00df \u00a7 55 Abs. 2 RStV:<br \/>\nChristian Heiliger, Rheinaustr. 212, 53225 Bonn<\/p>\n<p>Haftungshinweis: factx hat keinen Einfluss auf den Inhalt externer Internetseiten und ist f\u00fcr die Inhalte externer Internetseiten nicht verantwortlich. Ferner \u00fcbernimmt factx keine Verantwortung f\u00fcr die Richtigkeit bzw. Aktualit\u00e4t des Inhalts, f\u00fcr die Rechtm\u00e4\u00dfigkeit oder die Erf\u00fcllung von Urheberrechtsbestimmungen dieser Seiten. Insbesondere macht sich factx die fremden Inhalte nicht zu eigen.<\/p>","protected":false},"excerpt":{"rendered":"<p>Impressum factx, Gesellschaft f\u00fcr Markt- und Sozialforschung mbH, i.L. Rheinaustr. 212, 53225 Bonn Tel. 0228 18030139 Mail. info@factx.com Liquidator: Christian Heiliger Registergericht: Amtsgericht Bonn Registernummer: HRB 29183 Umsatzsteuer-Identifikationsnummer gem\u00e4\u00df \u00a7 27 a Umsatzsteuergesetz: DE 192942211 Inhaltlich Verantwortlicher gem\u00e4\u00df \u00a7 55 Abs. 2 RStV: Christian Heiliger, Rheinaustr. 212, 53225 Bonn Haftungshinweis: factx hat keinen Einfluss auf  [&#8230;]<\/p>\n","protected":false},"author":1,"featured_media":0,"parent":0,"menu_order":1,"comment_status":"closed","ping_status":"closed","template":"","meta":{"ngg_post_thumbnail":0,"footnotes":""},"class_list":["post-7","page","type-page","status-publish","hentry"],"_links":{"self":[{"href":"https:\/\/www.factx.de\/w\/wp-json\/wp\/v2\/pages\/7","targetHints":{"allow":["GET"]}}],"collection":[{"href":"https:\/\/www.factx.de\/w\/wp-json\/wp\/v2\/pages"}],"about":[{"href":"https:\/\/www.factx.de\/w\/wp-json\/wp\/v2\/types\/page"}],"author":[{"embeddable":true,"href":"https:\/\/www.factx.de\/w\/wp-json\/wp\/v2\/users\/1"}],"replies":[{"embeddable":true,"href":"https:\/\/www.factx.de\/w\/wp-json\/wp\/v2\/comments?post=7"}],"version-history":[{"count":18,"href":"https:\/\/www.factx.de\/w\/wp-json\/wp\/v2\/pages\/7\/revisions"}],"predecessor-version":[{"id":2225,"href":"https:\/\/www.factx.de\/w\/wp-json\/wp\/v2\/pages\/7\/revisions\/2225"}],"wp:attachment":[{"href":"https:\/\/www.factx.de\/w\/wp-json\/wp\/v2\/media?parent=7"}],"curies":[{"name":"wp","href":"https:\/\/api.w.org\/{rel}","templated":true}]}}